{"id":193,"date":"2011-12-30T15:00:33","date_gmt":"2011-12-30T13:00:33","guid":{"rendered":"https:\/\/afc-weidhausen.de\/WordPress\/?page_id=193"},"modified":"2021-02-14T14:41:34","modified_gmt":"2021-02-14T13:41:34","slug":"impressum","status":"publish","type":"page","link":"https:\/\/afc-weidhausen.de\/?page_id=193","title":{"rendered":"Impressum"},"content":{"rendered":"<p><strong>Amateur Fotoclub Weidhausen<\/strong><\/p>\n<p>Eichberg 8<br \/>\n96279 Weidhausen<br \/>\n<strong>Telefon:<\/strong> 09562\/8304<\/p>\n<p><strong>E-Mail:&nbsp;<\/strong><a href=\"mailto:info@amateur-fotoclub-weidhausen.de\">info@amateur-fotoclub-weidhausen.de<\/a><br \/>\n<strong>Internet<\/strong>:&nbsp;<a href=\"http:\/\/www.amateur-fotoclub-weidhausen.de\/\">amateur-fotoclub-weidhausen.de<\/a><\/p>\n<p><strong>Vertretungsberechtigter Vorstand:<\/strong> G\u00fcnther Schmidt (Anschrift wie oben)<\/p>\n<p><strong>Inhaltlich Verantwortlicher gem\u00e4\u00df \u00a7 55 Abs. 2 RStV:<\/strong> G\u00fcnther Schmidt (Anschrift wie oben)<\/p>\n<p><strong>Haftungshinweis:<\/strong> Trotz sorgf\u00e4ltiger inhaltlicher Kontrolle \u00fcbernehmen wir keine Haftung f\u00fcr die Inhalte externer Links. F\u00fcr den Inhalt der verlinkten Seiten sind ausschlie\u00dflich deren Betreiber verantwortlich.<\/p>\n<p><strong>Fotos und Abbildungen<\/strong><\/p>\n<p>F\u00fcr alle auf dieser Website pr\u00e4sentierten Fotos und Abbildungen gilt: Das Urheberrecht liegt bei den jeweiligen Autoren. Eine Verwendung durch Dritte ist ohne schriftlich vorliegende Genehmigung der Fotografin\/des Fotografen ausdr\u00fccklich untersagt!<\/p>\n<p>Sind sie an der Verwendung interessiert so wenden sie sich an den<br \/>\nAmateur Fotoclub Weidhausen.<\/p>\n","protected":false},"excerpt":{"rendered":"<p>Amateur Fotoclub Weidhausen Eichberg 8 96279 Weidhausen Telefon: 09562\/8304 E-Mail:&nbsp;info@amateur-fotoclub-weidhausen.de Internet:&nbsp;amateur-fotoclub-weidhausen.de Vertretungsberechtigter Vorstand: G\u00fcnther Schmidt (Anschrift wie oben) Inhaltlich Verantwortlicher gem\u00e4\u00df \u00a7 55 Abs. 2 RStV: G\u00fcnther Schmidt (Anschrift wie oben) Haftungshinweis: Trotz sorgf\u00e4ltiger inhaltlicher Kontrolle \u00fcbernehmen wir keine Haftung f\u00fcr die Inhalte externer Links. &hellip; <a href=\"https:\/\/afc-weidhausen.de\/?page_id=193\" class=\"more-link\"><span>Continue reading<span class=\"screen-reader-text\">Impressum<\/span><\/span><\/a><\/p>\n","protected":false},"author":4,"featured_media":0,"parent":0,"menu_order":8,"comment_status":"closed","ping_status":"closed","template":"","meta":{"cybocfi_hide_featured_image":"","footnotes":""},"class_list":["post-193","page","type-page","status-publish","hentry"],"_links":{"self":[{"href":"https:\/\/afc-weidhausen.de\/index.php?rest_route=\/wp\/v2\/pages\/193","targetHints":{"allow":["GET"]}}],"collection":[{"href":"https:\/\/afc-weidhausen.de\/index.php?rest_route=\/wp\/v2\/pages"}],"about":[{"href":"https:\/\/afc-weidhausen.de\/index.php?rest_route=\/wp\/v2\/types\/page"}],"author":[{"embeddable":true,"href":"https:\/\/afc-weidhausen.de\/index.php?rest_route=\/wp\/v2\/users\/4"}],"replies":[{"embeddable":true,"href":"https:\/\/afc-weidhausen.de\/index.php?rest_route=%2Fwp%2Fv2%2Fcomments&post=193"}],"version-history":[{"count":9,"href":"https:\/\/afc-weidhausen.de\/index.php?rest_route=\/wp\/v2\/pages\/193\/revisions"}],"predecessor-version":[{"id":4521,"href":"https:\/\/afc-weidhausen.de\/index.php?rest_route=\/wp\/v2\/pages\/193\/revisions\/4521"}],"wp:attachment":[{"href":"https:\/\/afc-weidhausen.de\/index.php?rest_route=%2Fwp%2Fv2%2Fmedia&parent=193"}],"curies":[{"name":"wp","href":"https:\/\/api.w.org\/{rel}","templated":true}]}}